{"id":2,"date":"2022-01-26T17:22:31","date_gmt":"2022-01-26T17:22:31","guid":{"rendered":"http:\/\/perfeclima.com\/?page_id=2"},"modified":"2022-10-04T15:08:35","modified_gmt":"2022-10-04T14:08:35","slug":"manutencao","status":"publish","type":"page","link":"https:\/\/perfeclima.com\/index.php\/manutencao\/","title":{"rendered":"Manuten\u00e7\u00e3o"},"content":{"rendered":"\t\t<div data-elementor-type=\"wp-page\" data-elementor-id=\"2\" class=\"elementor elementor-2\">\n\t\t\t\t\t\t<section class=\"elementor-section elementor-top-section elementor-element elementor-element-60134ef elementor-section-boxed elementor-section-height-default elementor-section-height-default\" data-id=\"60134ef\" data-element_type=\"section\" data-e-type=\"section\">\n\t\t\t\t\t\t<div class=\"elementor-container elementor-column-gap-wide\">\n\t\t\t\t\t<div class=\"elementor-column elementor-col-100 elementor-top-column elementor-element elementor-element-b26d0d9\" data-id=\"b26d0d9\" data-element_type=\"column\" data-e-type=\"column\">\n\t\t\t<div class=\"elementor-widget-wrap elementor-element-populated\">\n\t\t\t\t\t\t<div class=\"elementor-element elementor-element-a2fe5c6 elementor-widget elementor-widget-heading\" data-id=\"a2fe5c6\" data-element_type=\"widget\" data-e-type=\"widget\" data-widget_type=\"heading.default\">\n\t\t\t\t<div class=\"elementor-widget-container\">\n\t\t\t\t\t<h1 class=\"elementor-heading-title elementor-size-xl\">O compromisso da  manuten\u00e7\u00e3o<\/h1>\t\t\t\t<\/div>\n\t\t\t\t<\/div>\n\t\t\t\t\t<\/div>\n\t\t<\/div>\n\t\t\t\t\t<\/div>\n\t\t<\/section>\n\t\t\t\t<section class=\"elementor-section elementor-top-section elementor-element elementor-element-9d15335 elementor-section-boxed elementor-section-height-default elementor-section-height-default\" data-id=\"9d15335\" data-element_type=\"section\" data-e-type=\"section\">\n\t\t\t\t\t\t<div class=\"elementor-container elementor-column-gap-extended\">\n\t\t\t\t\t<div class=\"elementor-column elementor-col-100 elementor-top-column elementor-element elementor-element-1b41c77\" data-id=\"1b41c77\" data-element_type=\"column\" data-e-type=\"column\">\n\t\t\t<div class=\"elementor-widget-wrap elementor-element-populated\">\n\t\t\t\t\t\t<div class=\"elementor-element elementor-element-ceaee0b elementor-widget elementor-widget-text-editor\" data-id=\"ceaee0b\" data-element_type=\"widget\" data-e-type=\"widget\" data-widget_type=\"text-editor.default\">\n\t\t\t\t<div class=\"elementor-widget-container\">\n\t\t\t\t\t\t\t\t\t<p>Prevenir e corrigir s\u00e3o processos fundamentais para um bom funcionamento nos sistemas de climatiza\u00e7\u00e3o.<\/p><p>O ambiente pode ser impactado negativamente por falta de limpeza e manuten\u00e7\u00e3o do seu ar condicionado.\u00a0<\/p><p>As doen\u00e7as respirat\u00f3rias assim como alergias ou irrita\u00e7\u00f5es cutaneas, podem surgir por falta de manuten\u00e7\u00e3o.<\/p><p>A Perficlima preocupa-se com o bem estar seja em sua casa, onde o ar condicionado \u00e9 um conforto adicional nos dias quentes e nas empresas, nas quais os aparelhos s\u00e3o imprescindiveis na produtividade das mesmas.\u00a0<\/p><p>A manuten\u00e7\u00e3o peri\u00f3dica do ar condicionado prolonga a vida \u00fatil dos equipamentos, torna o ambiente mais saud\u00e1vel e ainda reduz os custos da energia.<\/p><p>\u00a0<\/p><p>\u00a0<\/p>\t\t\t\t\t\t\t\t<\/div>\n\t\t\t\t<\/div>\n\t\t\t\t<div class=\"elementor-element elementor-element-7f3b67e elementor-arrows-position-outside elementor-widget elementor-widget-image-carousel\" data-id=\"7f3b67e\" data-element_type=\"widget\" data-e-type=\"widget\" data-settings=\"{&quot;navigation&quot;:&quot;arrows&quot;,&quot;autoplay&quot;:&quot;yes&quot;,&quot;pause_on_hover&quot;:&quot;yes&quot;,&quot;pause_on_interaction&quot;:&quot;yes&quot;,&quot;autoplay_speed&quot;:5000,&quot;infinite&quot;:&quot;yes&quot;,&quot;speed&quot;:500}\" data-widget_type=\"image-carousel.default\">\n\t\t\t\t<div class=\"elementor-widget-container\">\n\t\t\t\t\t\t\t<div class=\"elementor-image-carousel-wrapper swiper\" role=\"region\" aria-roledescription=\"carousel\" aria-label=\"Carrossel de imagens\" dir=\"ltr\">\n\t\t\t<div class=\"elementor-image-carousel swiper-wrapper swiper-image-stretch\" aria-live=\"off\">\n\t\t\t\t\t\t\t\t<div class=\"swiper-slide\" role=\"group\" aria-roledescription=\"slide\" aria-label=\"1 of 3\"><figure class=\"swiper-slide-inner\"><img decoding=\"async\" class=\"swiper-slide-image lazyload\" data-src=\"https:\/\/perfeclima.com\/wp-content\/uploads\/2022\/02\/foto3-scaled.jpeg\" alt=\"\" src=\"data:image\/svg+xml;base64,PHN2ZyB3aWR0aD0iMSIgaGVpZ2h0PSIxIiB4bWxucz0iaHR0cDovL3d3dy53My5vcmcvMjAwMC9zdmciPjwvc3ZnPg==\" style=\"--smush-placeholder-width: 2560px; --smush-placeholder-aspect-ratio: 2560\/1709;\" \/><\/figure><\/div><div class=\"swiper-slide\" role=\"group\" aria-roledescription=\"slide\" aria-label=\"2 of 3\"><figure class=\"swiper-slide-inner\"><img decoding=\"async\" class=\"swiper-slide-image lazyload\" data-src=\"https:\/\/perfeclima.com\/wp-content\/uploads\/2022\/02\/foto12.jpg\" alt=\"Aircondition service and maintenance, fixing AC unit and cleaning the filters.\" src=\"data:image\/svg+xml;base64,PHN2ZyB3aWR0aD0iMSIgaGVpZ2h0PSIxIiB4bWxucz0iaHR0cDovL3d3dy53My5vcmcvMjAwMC9zdmciPjwvc3ZnPg==\" style=\"--smush-placeholder-width: 608px; --smush-placeholder-aspect-ratio: 608\/406;\" \/><\/figure><\/div><div class=\"swiper-slide\" role=\"group\" aria-roledescription=\"slide\" aria-label=\"3 of 3\"><figure class=\"swiper-slide-inner\"><img decoding=\"async\" class=\"swiper-slide-image lazyload\" data-src=\"https:\/\/perfeclima.com\/wp-content\/uploads\/2022\/02\/imagem-11.jpg\" alt=\"\" src=\"data:image\/svg+xml;base64,PHN2ZyB3aWR0aD0iMSIgaGVpZ2h0PSIxIiB4bWxucz0iaHR0cDovL3d3dy53My5vcmcvMjAwMC9zdmciPjwvc3ZnPg==\" style=\"--smush-placeholder-width: 1023px; --smush-placeholder-aspect-ratio: 1023\/682;\" \/><\/figure><\/div>\t\t\t<\/div>\n\t\t\t\t\t\t\t\t\t\t\t\t<div class=\"elementor-swiper-button elementor-swiper-button-prev\" role=\"button\" tabindex=\"0\">\n\t\t\t\t\t\t<i aria-hidden=\"true\" class=\"eicon-chevron-left\"><\/i>\t\t\t\t\t<\/div>\n\t\t\t\t\t<div class=\"elementor-swiper-button elementor-swiper-button-next\" role=\"button\" tabindex=\"0\">\n\t\t\t\t\t\t<i aria-hidden=\"true\" class=\"eicon-chevron-right\"><\/i>\t\t\t\t\t<\/div>\n\t\t\t\t\n\t\t\t\t\t\t\t\t\t<\/div>\n\t\t\t\t\t\t<\/div>\n\t\t\t\t<\/div>\n\t\t\t\t\t<\/div>\n\t\t<\/div>\n\t\t\t\t\t<\/div>\n\t\t<\/section>\n\t\t\t\t<section class=\"elementor-section elementor-top-section elementor-element elementor-element-8010f33 elementor-section-boxed elementor-section-height-default elementor-section-height-default\" data-id=\"8010f33\" data-element_type=\"section\" data-e-type=\"section\">\n\t\t\t\t\t\t<div class=\"elementor-container elementor-column-gap-default\">\n\t\t\t\t\t<div class=\"elementor-column elementor-col-50 elementor-top-column elementor-element elementor-element-23a9263\" data-id=\"23a9263\" data-element_type=\"column\" data-e-type=\"column\">\n\t\t\t<div class=\"elementor-widget-wrap elementor-element-populated\">\n\t\t\t\t\t\t<div class=\"elementor-element elementor-element-baa760c elementor-view-default elementor-widget elementor-widget-icon\" data-id=\"baa760c\" data-element_type=\"widget\" data-e-type=\"widget\" data-widget_type=\"icon.default\">\n\t\t\t\t<div class=\"elementor-widget-container\">\n\t\t\t\t\t\t\t<div class=\"elementor-icon-wrapper\">\n\t\t\t<div class=\"elementor-icon\">\n\t\t\t<i aria-hidden=\"true\" class=\"fas fa-check\"><\/i>\t\t\t<\/div>\n\t\t<\/div>\n\t\t\t\t\t\t<\/div>\n\t\t\t\t<\/div>\n\t\t\t\t<div class=\"elementor-element elementor-element-5497fec elementor-widget elementor-widget-heading\" data-id=\"5497fec\" data-element_type=\"widget\" data-e-type=\"widget\" data-widget_type=\"heading.default\">\n\t\t\t\t<div class=\"elementor-widget-container\">\n\t\t\t\t\t<h1 class=\"elementor-heading-title elementor-size-large\">Benef\u00edcios de uma Manuten\u00e7\u00e3o regular<\/h1>\t\t\t\t<\/div>\n\t\t\t\t<\/div>\n\t\t\t\t<div class=\"elementor-element elementor-element-8898f10 elementor-widget elementor-widget-text-editor\" data-id=\"8898f10\" data-element_type=\"widget\" data-e-type=\"widget\" data-widget_type=\"text-editor.default\">\n\t\t\t\t<div class=\"elementor-widget-container\">\n\t\t\t\t\t\t\t\t\t<p><span style=\"color: #8b8b8b; font-size: 15px;\">Prevenir<strong> um mau funcionamento<\/strong>, \u00e9 evitar que poeiras e microorganismos se instalem nas\u00a0 turbinas, nas serpentinas, compressores e filtros.<\/span><\/p><div><span style=\"color: #8b8b8b;\">Al\u00e9m de evitar problemas para a sa\u00fade, uma limpeza regular aumenta a vida \u00fatil dos equipamentos.<\/span><br \/><span style=\"color: #8b8b8b;\"><br \/><\/span><\/div><div><span style=\"color: #8b8b8b; font-size: 15px;\">\u00a0<\/span><span style=\"color: #8b8b8b;\"><b>Ambiente saud\u00e1vel<\/b><\/span><\/div><div>\u00a0<\/div><p><span style=\"font-weight: 400;\">A manuten\u00e7\u00e3o e higieniza\u00e7\u00e3o dos equipamentos devem ser feitas mensalmente ou quinzenalmente com objetivo de provocar uma reten\u00e7\u00e3o de microorganismos e todo o tipo de impurezas acumuladas nos filtros.\u00a0<\/span><\/p><p><span style=\"font-weight: 400;\">Algumas doen\u00e7as, como sinusites, renites, asma, ficam mais protegidas uma vez que bact\u00e9rias e fungos tem a vida dificultada num ambiente saud\u00e1vel.<\/span><\/p><p><span style=\"font-weight: 400;\">\u00a0<\/span><\/p><p><b>Economia no consumo<\/b><\/p><p><span style=\"font-weight: 400;\">Este benef\u00edcio \u00e9 uma sequ\u00eancia de uma manuten\u00e7\u00e3o regular nos aparelhos, j\u00e1 que uma boa limpeza n\u00e3o sobrecarrega motores e compressores na sua fun\u00e7\u00e3o, que \u00e9 transportar ar limpo para o ambiente onde se insere.\u00a0<\/span><\/p><p><span style=\"font-weight: 400;\">\u00a0<\/span><\/p><p><b>Durabilidade dos aparelhos<\/b><\/p><p><span style=\"font-weight: 400;\">Uma manuten\u00e7\u00e3o adequada prolonga a vida \u00fatil dos mesmos. \\Deve ser\u00a0<\/span>feita uma manuten\u00e7\u00e3o dos aparelhos independentemente do seu funcionamento, uma vez que os componentes sofrem uma eros\u00e3o e corros\u00e3o por falta da mesma.<\/p><p>\u00a0<\/p>\t\t\t\t\t\t\t\t<\/div>\n\t\t\t\t<\/div>\n\t\t\t\t\t<\/div>\n\t\t<\/div>\n\t\t\t\t<div class=\"elementor-column elementor-col-50 elementor-top-column elementor-element elementor-element-c4976ac\" data-id=\"c4976ac\" data-element_type=\"column\" data-e-type=\"column\">\n\t\t\t<div class=\"elementor-widget-wrap elementor-element-populated\">\n\t\t\t\t\t\t<div class=\"elementor-element elementor-element-01f650b elementor-view-default elementor-widget elementor-widget-icon\" data-id=\"01f650b\" data-element_type=\"widget\" data-e-type=\"widget\" data-widget_type=\"icon.default\">\n\t\t\t\t<div class=\"elementor-widget-container\">\n\t\t\t\t\t\t\t<div class=\"elementor-icon-wrapper\">\n\t\t\t<div class=\"elementor-icon\">\n\t\t\t<i aria-hidden=\"true\" class=\"fas fa-times\"><\/i>\t\t\t<\/div>\n\t\t<\/div>\n\t\t\t\t\t\t<\/div>\n\t\t\t\t<\/div>\n\t\t\t\t<div class=\"elementor-element elementor-element-f12a38e elementor-widget elementor-widget-heading\" data-id=\"f12a38e\" data-element_type=\"widget\" data-e-type=\"widget\" data-widget_type=\"heading.default\">\n\t\t\t\t<div class=\"elementor-widget-container\">\n\t\t\t\t\t<h1 class=\"elementor-heading-title elementor-size-medium\">N\u00e3o realizar uma Manuten\u00e7\u00e3o regular<\/h1>\t\t\t\t<\/div>\n\t\t\t\t<\/div>\n\t\t\t\t<div class=\"elementor-element elementor-element-04ee26c elementor-widget elementor-widget-text-editor\" data-id=\"04ee26c\" data-element_type=\"widget\" data-e-type=\"widget\" data-widget_type=\"text-editor.default\">\n\t\t\t\t<div class=\"elementor-widget-container\">\n\t\t\t\t\t\t\t\t\t<div><span style=\"color: #8b8b8b;\">N\u00e3o proceder a limpeza regular leva a uma acumula\u00e7\u00e3o de sujidade no se ar-condicionado, provocando danos nos aparelhos.<\/span><br \/><span style=\"color: #8b8b8b;\">\u00a0<\/span><\/div><p>A vida \u00fatil dos equipamentos fica mais reduzida.<\/p><p>A probabilidade de avarias dos componentes \u00e9 substancialmente maior<\/p><p>N\u00e3o limpar filtros e circuitos adequadamente aumenta a possibilidade de aparecerem doen\u00e7as inerentes (renites, sinusites e asma)<\/p><p>O aumento de consumo da energia el\u00e9ctrica \u00e9 inevit\u00e1vel.\u00a0 \u00a0 \u00a0<\/p><div>\u00a0<\/div>\t\t\t\t\t\t\t\t<\/div>\n\t\t\t\t<\/div>\n\t\t\t\t<div class=\"elementor-element elementor-element-c23dca2 elementor-widget elementor-widget-image\" data-id=\"c23dca2\" data-element_type=\"widget\" data-e-type=\"widget\" data-widget_type=\"image.default\">\n\t\t\t\t<div class=\"elementor-widget-container\">\n\t\t\t\t\t\t\t\t\t\t\t\t\t\t\t<img decoding=\"async\" data-src=\"https:\/\/perfeclima.com\/wp-content\/uploads\/2022\/02\/foto17.jpg\" title=\"\" alt=\"\" src=\"data:image\/svg+xml;base64,PHN2ZyB3aWR0aD0iMSIgaGVpZ2h0PSIxIiB4bWxucz0iaHR0cDovL3d3dy53My5vcmcvMjAwMC9zdmciPjwvc3ZnPg==\" class=\"lazyload\" style=\"--smush-placeholder-width: 608px; --smush-placeholder-aspect-ratio: 608\/406;\" \/>\t\t\t\t\t\t\t\t\t\t\t\t\t\t\t<\/div>\n\t\t\t\t<\/div>\n\t\t\t\t<div class=\"elementor-element elementor-element-8430e63 elementor-widget elementor-widget-heading\" data-id=\"8430e63\" data-element_type=\"widget\" data-e-type=\"widget\" data-widget_type=\"heading.default\">\n\t\t\t\t<div class=\"elementor-widget-container\">\n\t\t\t\t\t<h2 class=\"elementor-heading-title elementor-size-small\">O aspeto de filtros com sujidade<\/h2>\t\t\t\t<\/div>\n\t\t\t\t<\/div>\n\t\t\t\t\t<\/div>\n\t\t<\/div>\n\t\t\t\t\t<\/div>\n\t\t<\/section>\n\t\t\t\t<\/div>\n\t\t","protected":false},"excerpt":{"rendered":"<p>O compromisso da manuten\u00e7\u00e3o Prevenir e corrigir s\u00e3o processos fundamentais para um bom funcionamento nos sistemas de climatiza\u00e7\u00e3o. O ambiente pode ser impactado negativamente por falta de limpeza e manuten\u00e7\u00e3o do seu ar condicionado.\u00a0 As doen\u00e7as respirat\u00f3rias assim como alergias ou irrita\u00e7\u00f5es cutaneas, podem surgir por falta de manuten\u00e7\u00e3o. A Perficlima preocupa-se com o bem [&hellip;]<\/p>\n","protected":false},"author":1,"featured_media":0,"parent":0,"menu_order":0,"comment_status":"closed","ping_status":"closed","template":"elementor_header_footer","meta":{"footnotes":""},"class_list":["post-2","page","type-page","status-publish","hentry"],"aioseo_notices":[],"_links":{"self":[{"href":"https:\/\/perfeclima.com\/index.php\/wp-json\/wp\/v2\/pages\/2","targetHints":{"allow":["GET"]}}],"collection":[{"href":"https:\/\/perfeclima.com\/index.php\/wp-json\/wp\/v2\/pages"}],"about":[{"href":"https:\/\/perfeclima.com\/index.php\/wp-json\/wp\/v2\/types\/page"}],"author":[{"embeddable":true,"href":"https:\/\/perfeclima.com\/index.php\/wp-json\/wp\/v2\/users\/1"}],"replies":[{"embeddable":true,"href":"https:\/\/perfeclima.com\/index.php\/wp-json\/wp\/v2\/comments?post=2"}],"version-history":[{"count":129,"href":"https:\/\/perfeclima.com\/index.php\/wp-json\/wp\/v2\/pages\/2\/revisions"}],"predecessor-version":[{"id":892,"href":"https:\/\/perfeclima.com\/index.php\/wp-json\/wp\/v2\/pages\/2\/revisions\/892"}],"wp:attachment":[{"href":"https:\/\/perfeclima.com\/index.php\/wp-json\/wp\/v2\/media?parent=2"}],"curies":[{"name":"wp","href":"https:\/\/api.w.org\/{rel}","templated":true}]}}