{"id":7,"date":"2022-01-27T16:34:09","date_gmt":"2022-01-27T16:34:09","guid":{"rendered":"http:\/\/perfeclima.com\/?page_id=7"},"modified":"2022-02-10T18:53:26","modified_gmt":"2022-02-10T18:53:26","slug":"servicos","status":"publish","type":"page","link":"https:\/\/perfeclima.com\/index.php\/servicos\/","title":{"rendered":"Servi\u00e7os"},"content":{"rendered":"\t\t<div data-elementor-type=\"wp-page\" data-elementor-id=\"7\" class=\"elementor elementor-7\">\n\t\t\t\t\t\t<section class=\"elementor-section elementor-top-section elementor-element elementor-element-3bc7de0 elementor-section-full_width elementor-section-height-default elementor-section-height-default\" data-id=\"3bc7de0\" data-element_type=\"section\" data-e-type=\"section\">\n\t\t\t\t\t\t<div class=\"elementor-container elementor-column-gap-default\">\n\t\t\t\t\t<div class=\"elementor-column elementor-col-100 elementor-top-column elementor-element elementor-element-47d8cd4\" data-id=\"47d8cd4\" data-element_type=\"column\" data-e-type=\"column\">\n\t\t\t<div class=\"elementor-widget-wrap elementor-element-populated\">\n\t\t\t\t\t\t<div class=\"elementor-element elementor-element-ae5d09a elementor-widget elementor-widget-image\" data-id=\"ae5d09a\" data-element_type=\"widget\" data-e-type=\"widget\" data-widget_type=\"image.default\">\n\t\t\t\t<div class=\"elementor-widget-container\">\n\t\t\t\t\t\t\t\t\t\t\t\t\t\t\t<img fetchpriority=\"high\" decoding=\"async\" width=\"612\" height=\"408\" src=\"https:\/\/perfeclima.com\/wp-content\/uploads\/2022\/02\/foto29-1.jpg\" class=\"attachment-1536x1536 size-1536x1536 wp-image-543\" alt=\"\" srcset=\"https:\/\/perfeclima.com\/wp-content\/uploads\/2022\/02\/foto29-1.jpg 612w, https:\/\/perfeclima.com\/wp-content\/uploads\/2022\/02\/foto29-1-300x200.jpg 300w\" sizes=\"(max-width: 612px) 100vw, 612px\" \/>\t\t\t\t\t\t\t\t\t\t\t\t\t\t\t<\/div>\n\t\t\t\t<\/div>\n\t\t\t\t\t<\/div>\n\t\t<\/div>\n\t\t\t\t\t<\/div>\n\t\t<\/section>\n\t\t\t\t<section class=\"elementor-section elementor-top-section elementor-element elementor-element-d537fb9 elementor-section-boxed elementor-section-height-default elementor-section-height-default\" data-id=\"d537fb9\" data-element_type=\"section\" data-e-type=\"section\">\n\t\t\t\t\t\t<div class=\"elementor-container elementor-column-gap-extended\">\n\t\t\t\t\t<div class=\"elementor-column elementor-col-100 elementor-top-column elementor-element elementor-element-dcf4b49\" data-id=\"dcf4b49\" data-element_type=\"column\" data-e-type=\"column\">\n\t\t\t<div class=\"elementor-widget-wrap elementor-element-populated\">\n\t\t\t\t\t\t<div class=\"elementor-element elementor-element-bb43496 elementor-widget elementor-widget-heading\" data-id=\"bb43496\" data-element_type=\"widget\" data-e-type=\"widget\" data-widget_type=\"heading.default\">\n\t\t\t\t<div class=\"elementor-widget-container\">\n\t\t\t\t\t<h1 class=\"elementor-heading-title elementor-size-default\">Servi\u00e7os<\/h1>\t\t\t\t<\/div>\n\t\t\t\t<\/div>\n\t\t\t\t<div class=\"elementor-element elementor-element-91ec198 elementor-widget elementor-widget-text-editor\" data-id=\"91ec198\" data-element_type=\"widget\" data-e-type=\"widget\" data-widget_type=\"text-editor.default\">\n\t\t\t\t<div class=\"elementor-widget-container\">\n\t\t\t\t\t\t\t\t\t<p>A nossa empresa acompanha sempre os nossos clientes. O planeamento, o transporte e a manuten\u00e7\u00e3o dos equipamentos s\u00e3o uma prioridade que os nossos t\u00e9cnicos possuem para o ajudar.<\/p><p>O nosso servi\u00e7o para o cliente \u00e9 uma prioridade. A import\u00e2ncia da manuten\u00e7\u00e3o \u00e9 uma necessidade \u00e0 sua satisfa\u00e7\u00e3o.\u00a0<\/p><p>Queremos que o seu conforto seja real.<\/p>\t\t\t\t\t\t\t\t<\/div>\n\t\t\t\t<\/div>\n\t\t\t\t\t<\/div>\n\t\t<\/div>\n\t\t\t\t\t<\/div>\n\t\t<\/section>\n\t\t\t\t<section class=\"elementor-section elementor-top-section elementor-element elementor-element-ed70d70 elementor-section-boxed elementor-section-height-default elementor-section-height-default\" data-id=\"ed70d70\" data-element_type=\"section\" data-e-type=\"section\">\n\t\t\t\t\t\t<div class=\"elementor-container elementor-column-gap-default\">\n\t\t\t\t\t<div class=\"elementor-column elementor-col-25 elementor-top-column elementor-element elementor-element-afed1f5\" data-id=\"afed1f5\" data-element_type=\"column\" data-e-type=\"column\">\n\t\t\t<div class=\"elementor-widget-wrap elementor-element-populated\">\n\t\t\t\t\t\t<div class=\"elementor-element elementor-element-daab435 elementor-view-default elementor-widget elementor-widget-icon\" data-id=\"daab435\" data-element_type=\"widget\" data-e-type=\"widget\" data-widget_type=\"icon.default\">\n\t\t\t\t<div class=\"elementor-widget-container\">\n\t\t\t\t\t\t\t<div class=\"elementor-icon-wrapper\">\n\t\t\t<div class=\"elementor-icon\">\n\t\t\t<i aria-hidden=\"true\" class=\"far fa-edit\"><\/i>\t\t\t<\/div>\n\t\t<\/div>\n\t\t\t\t\t\t<\/div>\n\t\t\t\t<\/div>\n\t\t\t\t<div class=\"elementor-element elementor-element-7dd2f7c elementor-widget elementor-widget-heading\" data-id=\"7dd2f7c\" data-element_type=\"widget\" data-e-type=\"widget\" data-widget_type=\"heading.default\">\n\t\t\t\t<div class=\"elementor-widget-container\">\n\t\t\t\t\t<h2 class=\"elementor-heading-title elementor-size-medium\">Solu\u00e7\u00f5es \u00e0 medida<\/h2>\t\t\t\t<\/div>\n\t\t\t\t<\/div>\n\t\t\t\t<div class=\"elementor-element elementor-element-3d147ed elementor-widget elementor-widget-text-editor\" data-id=\"3d147ed\" data-element_type=\"widget\" data-e-type=\"widget\" data-widget_type=\"text-editor.default\">\n\t\t\t\t<div class=\"elementor-widget-container\">\n\t\t\t\t\t\t\t\t\t<p>O nosso compromisso \u00e9 colocar \u00e0 disposi\u00e7\u00e3o dos nossos clientes solu\u00e7\u00f5es personalizadas, de acordo com a nossa experi\u00eancia e especialidade. Os equipamentos de ar condicionado ser\u00e3o sempre ajustados seja no espa\u00e7o ou dimens\u00e3o dos mesmos.\u00a0\u00a0<\/p>\t\t\t\t\t\t\t\t<\/div>\n\t\t\t\t<\/div>\n\t\t\t\t\t<\/div>\n\t\t<\/div>\n\t\t\t\t<div class=\"elementor-column elementor-col-25 elementor-top-column elementor-element elementor-element-7b483f7\" data-id=\"7b483f7\" data-element_type=\"column\" data-e-type=\"column\">\n\t\t\t<div class=\"elementor-widget-wrap elementor-element-populated\">\n\t\t\t\t\t\t<div class=\"elementor-element elementor-element-b2dd311 elementor-view-default elementor-widget elementor-widget-icon\" data-id=\"b2dd311\" data-element_type=\"widget\" data-e-type=\"widget\" data-widget_type=\"icon.default\">\n\t\t\t\t<div class=\"elementor-widget-container\">\n\t\t\t\t\t\t\t<div class=\"elementor-icon-wrapper\">\n\t\t\t<div class=\"elementor-icon\">\n\t\t\t<i aria-hidden=\"true\" class=\"fas fa-wrench\"><\/i>\t\t\t<\/div>\n\t\t<\/div>\n\t\t\t\t\t\t<\/div>\n\t\t\t\t<\/div>\n\t\t\t\t<div class=\"elementor-element elementor-element-0a09f45 elementor-widget elementor-widget-heading\" data-id=\"0a09f45\" data-element_type=\"widget\" data-e-type=\"widget\" data-widget_type=\"heading.default\">\n\t\t\t\t<div class=\"elementor-widget-container\">\n\t\t\t\t\t<h2 class=\"elementor-heading-title elementor-size-medium\">Assist\u00eancia t\u00e9cnica<\/h2>\t\t\t\t<\/div>\n\t\t\t\t<\/div>\n\t\t\t\t<div class=\"elementor-element elementor-element-7f187a3 elementor-widget elementor-widget-text-editor\" data-id=\"7f187a3\" data-element_type=\"widget\" data-e-type=\"widget\" data-widget_type=\"text-editor.default\">\n\t\t\t\t<div class=\"elementor-widget-container\">\n\t\t\t\t\t\t\t\t\t<p>A nossa empresa tem um conhecimento do mercado, assim como dos produtos que lhe oferece. Desta forma consegue planear uma assist\u00eancia adequada de forma que as necessidades sejam satisfeitas na sua casa ou na sua empresa.\u00a0<\/p>\t\t\t\t\t\t\t\t<\/div>\n\t\t\t\t<\/div>\n\t\t\t\t\t<\/div>\n\t\t<\/div>\n\t\t\t\t<div class=\"elementor-column elementor-col-25 elementor-top-column elementor-element elementor-element-88e4899\" data-id=\"88e4899\" data-element_type=\"column\" data-e-type=\"column\">\n\t\t\t<div class=\"elementor-widget-wrap elementor-element-populated\">\n\t\t\t\t\t\t<div class=\"elementor-element elementor-element-ddf2a34 elementor-view-default elementor-widget elementor-widget-icon\" data-id=\"ddf2a34\" data-element_type=\"widget\" data-e-type=\"widget\" data-widget_type=\"icon.default\">\n\t\t\t\t<div class=\"elementor-widget-container\">\n\t\t\t\t\t\t\t<div class=\"elementor-icon-wrapper\">\n\t\t\t<div class=\"elementor-icon\">\n\t\t\t<i aria-hidden=\"true\" class=\"far fa-snowflake\"><\/i>\t\t\t<\/div>\n\t\t<\/div>\n\t\t\t\t\t\t<\/div>\n\t\t\t\t<\/div>\n\t\t\t\t<div class=\"elementor-element elementor-element-750d5f6 elementor-widget elementor-widget-heading\" data-id=\"750d5f6\" data-element_type=\"widget\" data-e-type=\"widget\" data-widget_type=\"heading.default\">\n\t\t\t\t<div class=\"elementor-widget-container\">\n\t\t\t\t\t<h2 class=\"elementor-heading-title elementor-size-medium\">Ar com conforto<\/h2>\t\t\t\t<\/div>\n\t\t\t\t<\/div>\n\t\t\t\t<div class=\"elementor-element elementor-element-802010b elementor-widget elementor-widget-text-editor\" data-id=\"802010b\" data-element_type=\"widget\" data-e-type=\"widget\" data-widget_type=\"text-editor.default\">\n\t\t\t\t<div class=\"elementor-widget-container\">\n\t\t\t\t\t\t\t\t\t<p>Temos ao seu dispor equipamentos de ar condicionado com um design atrativo, seja para interior ou exterior.<\/p><p>Para satisfazer as suas necessidades, as unidades de parede ultra modernas, assim como os aparelhos de ch\u00e3o ou embutidos no teto, assumem uma variedade de op\u00e7\u00f5es que se encaixam nas diversas decora\u00e7\u00f5es da casa.\u00a0 \u00a0\u00a0<\/p><p>Os nossos equipamentos de ar condicionado tem um baixo n\u00edvel de ru\u00eddo, os quais possuem tecnologia que tem um impacto na poupan\u00e7a de energia.<\/p><p>\u00a0<\/p><p>\u00a0<\/p>\t\t\t\t\t\t\t\t<\/div>\n\t\t\t\t<\/div>\n\t\t\t\t\t<\/div>\n\t\t<\/div>\n\t\t\t\t<div class=\"elementor-column elementor-col-25 elementor-top-column elementor-element elementor-element-51668c9\" data-id=\"51668c9\" data-element_type=\"column\" data-e-type=\"column\">\n\t\t\t<div class=\"elementor-widget-wrap elementor-element-populated\">\n\t\t\t\t\t\t<div class=\"elementor-element elementor-element-beffba0 elementor-view-default elementor-widget elementor-widget-icon\" data-id=\"beffba0\" data-element_type=\"widget\" data-e-type=\"widget\" data-widget_type=\"icon.default\">\n\t\t\t\t<div class=\"elementor-widget-container\">\n\t\t\t\t\t\t\t<div class=\"elementor-icon-wrapper\">\n\t\t\t<div class=\"elementor-icon\">\n\t\t\t<i aria-hidden=\"true\" class=\"far fa-comment-dots\"><\/i>\t\t\t<\/div>\n\t\t<\/div>\n\t\t\t\t\t\t<\/div>\n\t\t\t\t<\/div>\n\t\t\t\t<div class=\"elementor-element elementor-element-8e99a7b elementor-widget elementor-widget-heading\" data-id=\"8e99a7b\" data-element_type=\"widget\" data-e-type=\"widget\" data-widget_type=\"heading.default\">\n\t\t\t\t<div class=\"elementor-widget-container\">\n\t\t\t\t\t<h2 class=\"elementor-heading-title elementor-size-medium\">Assist\u00eancia  p\u00f3s- venda<\/h2>\t\t\t\t<\/div>\n\t\t\t\t<\/div>\n\t\t\t\t<div class=\"elementor-element elementor-element-8a19401 elementor-widget elementor-widget-text-editor\" data-id=\"8a19401\" data-element_type=\"widget\" data-e-type=\"widget\" data-widget_type=\"text-editor.default\">\n\t\t\t\t<div class=\"elementor-widget-container\">\n\t\t\t\t\t\t\t\t\t<p>Pretendemos estar no mercado, com o prop\u00f3sito de Servir Bem.<\/p><p>Estamos prontos para oferecer o melhor que sabemos e proporcionar o melhor\u00a0 atendimento poss\u00edvel.<\/p><p>Possu\u00edmos m\u00e3o de obra com grande experi\u00eancia e com qualifica\u00e7\u00e3o superior, que lhe garante todo o e bem estar no seu ambiente.<\/p><p>A nossa disponibilidade para ouvir \u00e9 total.<\/p><p>\u00a0<\/p>\t\t\t\t\t\t\t\t<\/div>\n\t\t\t\t<\/div>\n\t\t\t\t\t<\/div>\n\t\t<\/div>\n\t\t\t\t\t<\/div>\n\t\t<\/section>\n\t\t\t\t<\/div>\n\t\t","protected":false},"excerpt":{"rendered":"<p>Servi\u00e7os A nossa empresa acompanha sempre os nossos clientes. O planeamento, o transporte e a manuten\u00e7\u00e3o dos equipamentos s\u00e3o uma prioridade que os nossos t\u00e9cnicos possuem para o ajudar. O nosso servi\u00e7o para o cliente \u00e9 uma prioridade. A import\u00e2ncia da manuten\u00e7\u00e3o \u00e9 uma necessidade \u00e0 sua satisfa\u00e7\u00e3o.\u00a0 Queremos que o seu conforto seja real. [&hellip;]<\/p>\n","protected":false},"author":1,"featured_media":0,"parent":0,"menu_order":0,"comment_status":"closed","ping_status":"closed","template":"elementor_header_footer","meta":{"footnotes":""},"class_list":["post-7","page","type-page","status-publish","hentry"],"aioseo_notices":[],"_links":{"self":[{"href":"https:\/\/perfeclima.com\/index.php\/wp-json\/wp\/v2\/pages\/7","targetHints":{"allow":["GET"]}}],"collection":[{"href":"https:\/\/perfeclima.com\/index.php\/wp-json\/wp\/v2\/pages"}],"about":[{"href":"https:\/\/perfeclima.com\/index.php\/wp-json\/wp\/v2\/types\/page"}],"author":[{"embeddable":true,"href":"https:\/\/perfeclima.com\/index.php\/wp-json\/wp\/v2\/users\/1"}],"replies":[{"embeddable":true,"href":"https:\/\/perfeclima.com\/index.php\/wp-json\/wp\/v2\/comments?post=7"}],"version-history":[{"count":50,"href":"https:\/\/perfeclima.com\/index.php\/wp-json\/wp\/v2\/pages\/7\/revisions"}],"predecessor-version":[{"id":629,"href":"https:\/\/perfeclima.com\/index.php\/wp-json\/wp\/v2\/pages\/7\/revisions\/629"}],"wp:attachment":[{"href":"https:\/\/perfeclima.com\/index.php\/wp-json\/wp\/v2\/media?parent=7"}],"curies":[{"name":"wp","href":"https:\/\/api.w.org\/{rel}","templated":true}]}}