{"id":906,"date":"2023-01-02T11:50:09","date_gmt":"2023-01-02T11:50:09","guid":{"rendered":"https:\/\/perfeclima.com\/?page_id=906"},"modified":"2023-01-02T14:28:49","modified_gmt":"2023-01-02T14:28:49","slug":"906-2","status":"publish","type":"page","link":"https:\/\/perfeclima.com\/index.php\/906-2\/","title":{"rendered":""},"content":{"rendered":"\t\t<div data-elementor-type=\"wp-page\" data-elementor-id=\"906\" class=\"elementor elementor-906\">\n\t\t\t\t\t\t<section class=\"elementor-section elementor-top-section elementor-element elementor-element-adaf780 elementor-section-boxed elementor-section-height-default elementor-section-height-default\" data-id=\"adaf780\" data-element_type=\"section\" data-e-type=\"section\">\n\t\t\t\t\t\t<div class=\"elementor-container elementor-column-gap-default\">\n\t\t\t\t\t<div class=\"elementor-column elementor-col-100 elementor-top-column elementor-element elementor-element-add1418\" data-id=\"add1418\" data-element_type=\"column\" data-e-type=\"column\">\n\t\t\t<div class=\"elementor-widget-wrap elementor-element-populated\">\n\t\t\t\t\t\t<div class=\"elementor-element elementor-element-49003f0 elementor-widget elementor-widget-heading\" data-id=\"49003f0\" data-element_type=\"widget\" data-e-type=\"widget\" data-widget_type=\"heading.default\">\n\t\t\t\t<div class=\"elementor-widget-container\">\n\t\t\t\t\t<h1 class=\"elementor-heading-title elementor-size-default\"><a href=\"https:\/\/apcergroup.com\/pt\/certificacao\/pesquisa-de-normas\/1876\/apcer-3014\" target=\"_blank\" rel=\"nofollow\">Certifica\u00e7\u00e3o<\/a><\/h1>\t\t\t\t<\/div>\n\t\t\t\t<\/div>\n\t\t\t\t<div class=\"elementor-element elementor-element-2ebc223 elementor-widget elementor-widget-image\" data-id=\"2ebc223\" data-element_type=\"widget\" data-e-type=\"widget\" data-widget_type=\"image.default\">\n\t\t\t\t<div class=\"elementor-widget-container\">\n\t\t\t\t\t\t\t\t\t\t\t\t\t\t\t\t<a href=\"https:\/\/apcergroup.com\/pt\/certificacao\/pesquisa-de-normas\/1876\/apcer-3014\" target=\"_blank\">\n\t\t\t\t\t\t\t<img fetchpriority=\"high\" decoding=\"async\" width=\"300\" height=\"225\" src=\"https:\/\/perfeclima.com\/wp-content\/uploads\/2023\/01\/imagem-certificacao-300x225.jpeg\" class=\"attachment-medium size-medium wp-image-904\" alt=\"\" srcset=\"https:\/\/perfeclima.com\/wp-content\/uploads\/2023\/01\/imagem-certificacao-300x225.jpeg 300w, https:\/\/perfeclima.com\/wp-content\/uploads\/2023\/01\/imagem-certificacao.jpeg 590w\" sizes=\"(max-width: 300px) 100vw, 300px\" \/>\t\t\t\t\t\t\t\t<\/a>\n\t\t\t\t\t\t\t\t\t\t\t\t\t\t\t<\/div>\n\t\t\t\t<\/div>\n\t\t\t\t\t<\/div>\n\t\t<\/div>\n\t\t\t\t\t<\/div>\n\t\t<\/section>\n\t\t\t\t<section class=\"elementor-section elementor-top-section elementor-element elementor-element-882f0ee elementor-section-boxed elementor-section-height-default elementor-section-height-default\" data-id=\"882f0ee\" data-element_type=\"section\" data-e-type=\"section\">\n\t\t\t\t\t\t<div class=\"elementor-container elementor-column-gap-default\">\n\t\t\t\t\t<div class=\"elementor-column elementor-col-100 elementor-top-column elementor-element elementor-element-a784fc7\" data-id=\"a784fc7\" data-element_type=\"column\" data-e-type=\"column\">\n\t\t\t<div class=\"elementor-widget-wrap elementor-element-populated\">\n\t\t\t\t\t\t<div class=\"elementor-element elementor-element-02806a0 elementor-widget elementor-widget-text-editor\" data-id=\"02806a0\" data-element_type=\"widget\" data-e-type=\"widget\" data-widget_type=\"text-editor.default\">\n\t\t\t\t<div class=\"elementor-widget-container\">\n\t\t\t\t\t\t\t\t\t<h2 style=\"text-align: center;\"><span style=\"font-weight: 400;\">Gases Fluorados com Efeito de Estufa<\/span><\/h2>\t\t\t\t\t\t\t\t<\/div>\n\t\t\t\t<\/div>\n\t\t\t\t\t<\/div>\n\t\t<\/div>\n\t\t\t\t\t<\/div>\n\t\t<\/section>\n\t\t\t\t<section class=\"elementor-section elementor-top-section elementor-element elementor-element-4dfe115 elementor-section-boxed elementor-section-height-default elementor-section-height-default\" data-id=\"4dfe115\" data-element_type=\"section\" data-e-type=\"section\">\n\t\t\t\t\t\t<div class=\"elementor-container elementor-column-gap-extended\">\n\t\t\t\t\t<div class=\"elementor-column elementor-col-100 elementor-top-column elementor-element elementor-element-9208d69\" data-id=\"9208d69\" data-element_type=\"column\" data-e-type=\"column\">\n\t\t\t<div class=\"elementor-widget-wrap elementor-element-populated\">\n\t\t\t\t\t\t<div class=\"elementor-element elementor-element-80219e4 elementor-widget elementor-widget-text-editor\" data-id=\"80219e4\" data-element_type=\"widget\" data-e-type=\"widget\" data-widget_type=\"text-editor.default\">\n\t\t\t\t<div class=\"elementor-widget-container\">\n\t\t\t\t\t\t\t\t\t<p>A nossa empresa cumpre o &#8220;<span style=\"font-weight: 400;\"> Regulamento (UE) n\u00ba 517\/2014, Regulamento de Execu\u00e7\u00e3o (UE) 2015\/2067 e no Decreto-Lei n\u00ba 145\/2017 de 30 de novembro&#8221;<\/span>, que estabelece a <strong>obrigatoriedade de certifica\u00e7\u00e3o<\/strong> das empresas que desenvolvam atividades na instala\u00e7\u00e3o, repara\u00e7\u00e3o, assim como procedimento de manuten\u00e7\u00f5es e assist\u00eancia t\u00e9cnica, ou desmantelamento em equipamentos fixos de refrigera\u00e7\u00e3o, ar condicionado e bombas de calor, as quais possuam gases fluorados com efeito de estufa.<\/p><p>\u00a0<\/p><p>\u00a0<\/p><p><span style=\"color: #666666; font-size: 1.125rem; font-style: italic;\">&#8220;Para dar resposta a esta exig\u00eancia legal, que tem por objetivo proteger o ambiente mediante a redu\u00e7\u00e3o de gases fluorados com efeito de estufa, a APCER desenvolveu uma especifica\u00e7\u00e3o t\u00e9cnica de requisitos, APCER 3014, aprovada pela autoridade competente e pelas associa\u00e7\u00f5es do setor.&#8221;<\/span><\/p>\t\t\t\t\t\t\t\t<\/div>\n\t\t\t\t<\/div>\n\t\t\t\t\t<\/div>\n\t\t<\/div>\n\t\t\t\t\t<\/div>\n\t\t<\/section>\n\t\t\t\t<\/div>\n\t\t","protected":false},"excerpt":{"rendered":"<p>Certifica\u00e7\u00e3o Gases Fluorados com Efeito de Estufa A nossa empresa cumpre o &#8221; Regulamento (UE) n\u00ba 517\/2014, Regulamento de Execu\u00e7\u00e3o (UE) 2015\/2067 e no Decreto-Lei n\u00ba 145\/2017 de 30 de novembro&#8221;, que estabelece a obrigatoriedade de certifica\u00e7\u00e3o das empresas que desenvolvam atividades na instala\u00e7\u00e3o, repara\u00e7\u00e3o, assim como procedimento de manuten\u00e7\u00f5es e assist\u00eancia t\u00e9cnica, ou desmantelamento [&hellip;]<\/p>\n","protected":false},"author":1,"featured_media":0,"parent":0,"menu_order":0,"comment_status":"closed","ping_status":"closed","template":"","meta":{"footnotes":""},"class_list":["post-906","page","type-page","status-publish","hentry"],"aioseo_notices":[],"_links":{"self":[{"href":"https:\/\/perfeclima.com\/index.php\/wp-json\/wp\/v2\/pages\/906","targetHints":{"allow":["GET"]}}],"collection":[{"href":"https:\/\/perfeclima.com\/index.php\/wp-json\/wp\/v2\/pages"}],"about":[{"href":"https:\/\/perfeclima.com\/index.php\/wp-json\/wp\/v2\/types\/page"}],"author":[{"embeddable":true,"href":"https:\/\/perfeclima.com\/index.php\/wp-json\/wp\/v2\/users\/1"}],"replies":[{"embeddable":true,"href":"https:\/\/perfeclima.com\/index.php\/wp-json\/wp\/v2\/comments?post=906"}],"version-history":[{"count":45,"href":"https:\/\/perfeclima.com\/index.php\/wp-json\/wp\/v2\/pages\/906\/revisions"}],"predecessor-version":[{"id":956,"href":"https:\/\/perfeclima.com\/index.php\/wp-json\/wp\/v2\/pages\/906\/revisions\/956"}],"wp:attachment":[{"href":"https:\/\/perfeclima.com\/index.php\/wp-json\/wp\/v2\/media?parent=906"}],"curies":[{"name":"wp","href":"https:\/\/api.w.org\/{rel}","templated":true}]}}